{"id":1419,"date":"2023-03-28T10:51:00","date_gmt":"2023-03-28T10:51:00","guid":{"rendered":"https:\/\/asterasys.liftera.es\/politica-de-cookies-ue\/"},"modified":"2023-03-28T10:51:00","modified_gmt":"2023-03-28T10:51:00","slug":"politica-de-cookies-ue","status":"publish","type":"page","link":"https:\/\/asterasys-iberia.com\/pt-pt\/politica-de-cookies-ue\/","title":{"rendered":"Pol\u00edtica de cookies (UE)"},"content":{"rendered":"Regi\u00e3o EU n\u00e3o ativada para cookie-statement.\n","protected":false},"excerpt":{"rendered":"","protected":false},"author":2,"featured_media":0,"parent":0,"menu_order":0,"comment_status":"closed","ping_status":"closed","template":"","meta":{"_acf_changed":false,"footnotes":""},"class_list":["post-1419","page","type-page","status-publish","hentry"],"acf":[],"_links":{"self":[{"href":"https:\/\/asterasys-iberia.com\/pt-pt\/wp-json\/wp\/v2\/pages\/1419","targetHints":{"allow":["GET"]}}],"collection":[{"href":"https:\/\/asterasys-iberia.com\/pt-pt\/wp-json\/wp\/v2\/pages"}],"about":[{"href":"https:\/\/asterasys-iberia.com\/pt-pt\/wp-json\/wp\/v2\/types\/page"}],"author":[{"embeddable":true,"href":"https:\/\/asterasys-iberia.com\/pt-pt\/wp-json\/wp\/v2\/users\/2"}],"replies":[{"embeddable":true,"href":"https:\/\/asterasys-iberia.com\/pt-pt\/wp-json\/wp\/v2\/comments?post=1419"}],"version-history":[{"count":1,"href":"https:\/\/asterasys-iberia.com\/pt-pt\/wp-json\/wp\/v2\/pages\/1419\/revisions"}],"predecessor-version":[{"id":1957,"href":"https:\/\/asterasys-iberia.com\/pt-pt\/wp-json\/wp\/v2\/pages\/1419\/revisions\/1957"}],"wp:attachment":[{"href":"https:\/\/asterasys-iberia.com\/pt-pt\/wp-json\/wp\/v2\/media?parent=1419"}],"curies":[{"name":"wp","href":"https:\/\/api.w.org\/{rel}","templated":true}]}}